    {"id":23,"date":"2026-02-05T18:48:26","date_gmt":"2026-02-05T18:48:26","guid":{"rendered":"https:\/\/salgod.com\/?page_id=23"},"modified":"2026-02-05T18:48:27","modified_gmt":"2026-02-05T18:48:27","slug":"contact-us","status":"publish","type":"page","link":"https:\/\/salgod.com\/tr\/contact-us\/","title":{"rendered":"Bize Ula\u015f\u0131n"},"content":{"rendered":"<p>\u0130leti\u015fim sayfam\u0131za ho\u015f geldiniz. Burada bize ula\u015fabilece\u011finiz t\u00fcm yollar\u0131 bulabilirsiniz. M\u00fc\u015fteri deste\u011fi, sat\u0131\u015f, ortakl\u0131klar, medya ve eri\u015filebilirlik konular\u0131nda yard\u0131mc\u0131 oluyoruz.<\/p>\n\n\n\n<p>Amerika Birle\u015fik Devletleri&#039;nin tamam\u0131na hizmet veriyoruz. \u00c7al\u0131\u015fma saatlerimizi, yan\u0131t s\u00fcrelerimizi ve b\u00f6lgenizdeki \u00f6zel saatleri g\u00f6rebilirsiniz. \u0130htiyac\u0131n\u0131z olan yard\u0131m\u0131 kolayca alman\u0131z\u0131 sa\u011flamak istiyoruz.<\/p>\n\n\n\n<p>Bu sayfada, bizimle nas\u0131l ileti\u015fime ge\u00e7ece\u011finizi \u00f6\u011freneceksiniz. Ne zaman ileti\u015fime ge\u00e7meniz gerekti\u011fini ve h\u0131zl\u0131 bir \u015fekilde yard\u0131m almak i\u00e7in ne s\u00f6ylemeniz gerekti\u011fini bileceksiniz. E-posta, telefon ve sosyal medya gibi bir\u00e7ok ileti\u015fim y\u00f6ntemi sunuyoruz.<\/p>\n\n\n\n<p>\u00d6ncelikle, bizimle ileti\u015fime ge\u00e7menin en uygun yolunu se\u00e7in. Ekibimizle konu\u015fmak i\u00e7in a\u015fa\u011f\u0131daki bilgileri kullan\u0131n. Size yard\u0131mc\u0131 olmak i\u00e7in sab\u0131rs\u0131zlan\u0131yoruz.<\/p>\n\n\n\n<h2 class=\"wp-block-heading\">Bize Ula\u015f\u0131n<\/h2>\n\n\n\n<p>Sizinle a\u00e7\u0131k ve h\u0131zl\u0131 bir \u015fekilde ileti\u015fim kurmak istiyoruz. \u0130leti\u015fim y\u00f6ntemimiz tamamen h\u0131zl\u0131, a\u00e7\u0131k ve yard\u0131mc\u0131 olmaya odakl\u0131d\u0131r. Size ne kadar s\u00fcrede geri d\u00f6nece\u011fimizi bildirir ve sizi geli\u015fmelerden haberdar ederiz.<\/p>\n\n\n\n<p>Mesaj\u0131n\u0131z\u0131n do\u011fru ki\u015fiye ula\u015fmas\u0131n\u0131 sa\u011fl\u0131yoruz. Bu, m\u00fc\u015fteri hizmetleri, teknik destek, sat\u0131\u015f veya hukuk departman\u0131 olabilir. Kurallara uyuyor ve g\u00fcvenilir oldu\u011fumuzdan emin olmak i\u00e7in Google ile birlikte \u00e7al\u0131\u015f\u0131yoruz.<\/p>\n\n\n\n<h3 class=\"wp-block-heading\"><\/h3>","protected":false},"excerpt":{"rendered":"<p>Welcome to our Contact Us page. Here, you can find all the ways to reach us. We help with customer support, sales, partnerships, media, and accessibility. We serve the whole United States. You can see our hours, how fast we&#8217;ll reply, and any special times in your area. We want to make it easy for [&hellip;]<\/p>","protected":false},"author":267,"featured_media":0,"parent":0,"menu_order":0,"comment_status":"closed","ping_status":"closed","template":"","meta":{"footnotes":""},"_links":{"self":[{"href":"https:\/\/salgod.com\/tr\/wp-json\/wp\/v2\/pages\/23"}],"collection":[{"href":"https:\/\/salgod.com\/tr\/wp-json\/wp\/v2\/pages"}],"about":[{"href":"https:\/\/salgod.com\/tr\/wp-json\/wp\/v2\/types\/page"}],"author":[{"embeddable":true,"href":"https:\/\/salgod.com\/tr\/wp-json\/wp\/v2\/users\/267"}],"replies":[{"embeddable":true,"href":"https:\/\/salgod.com\/tr\/wp-json\/wp\/v2\/comments?post=23"}],"version-history":[{"count":1,"href":"https:\/\/salgod.com\/tr\/wp-json\/wp\/v2\/pages\/23\/revisions"}],"predecessor-version":[{"id":32,"href":"https:\/\/salgod.com\/tr\/wp-json\/wp\/v2\/pages\/23\/revisions\/32"}],"wp:attachment":[{"href":"https:\/\/salgod.com\/tr\/wp-json\/wp\/v2\/media?parent=23"}],"curies":[{"name":"wp","href":"https:\/\/api.w.org\/{rel}","templated":true}]}}