    {"id":23,"date":"2026-02-05T18:48:26","date_gmt":"2026-02-05T18:48:26","guid":{"rendered":"https:\/\/salgod.com\/?page_id=23"},"modified":"2026-02-05T18:48:27","modified_gmt":"2026-02-05T18:48:27","slug":"contact-us","status":"publish","type":"page","link":"https:\/\/salgod.com\/pt\/contact-us\/","title":{"rendered":"Contate-nos"},"content":{"rendered":"<p>Bem-vindo(a) \u00e0 nossa p\u00e1gina de Contato. Aqui, voc\u00ea encontra todas as formas de entrar em contato conosco. Oferecemos suporte ao cliente, ajuda com vendas, parcerias, m\u00eddia e acessibilidade.<\/p>\n\n\n\n<p>Atendemos todo o territ\u00f3rio dos Estados Unidos. Voc\u00ea pode consultar nossos hor\u00e1rios de atendimento, o tempo de resposta e eventuais hor\u00e1rios especiais em sua regi\u00e3o. Queremos facilitar ao m\u00e1ximo o acesso \u00e0 ajuda que voc\u00ea precisa.<\/p>\n\n\n\n<p>Nesta p\u00e1gina, voc\u00ea aprender\u00e1 como entrar em contato conosco. Voc\u00ea saber\u00e1 quando nos contatar e o que dizer para obter ajuda rapidamente. Oferecemos diversas maneiras de entrar em contato, como e-mail, telefone e redes sociais.<\/p>\n\n\n\n<p>Para come\u00e7ar, escolha a melhor forma de entrar em contato conosco. Use as informa\u00e7\u00f5es abaixo para falar com nossa equipe. Estamos ansiosos para ajudar voc\u00ea.<\/p>\n\n\n\n<h2 class=\"wp-block-heading\">Contate-nos<\/h2>\n\n\n\n<p>Queremos conversar com voc\u00ea de forma clara e r\u00e1pida. Nossa forma de contato \u00e9 pautada pela agilidade, transpar\u00eancia e prestatividade. Informamos o prazo estimado para retornarmos o seu contato e mantemos voc\u00ea sempre atualizado.<\/p>\n\n\n\n<p>Garantimos que sua mensagem chegue \u00e0 pessoa certa. Pode ser para atendimento ao cliente, suporte t\u00e9cnico, vendas ou departamento jur\u00eddico. Seguimos as regras e trabalhamos com o Google para garantir nossa confiabilidade.<\/p>\n\n\n\n<h3 class=\"wp-block-heading\"><\/h3>","protected":false},"excerpt":{"rendered":"<p>Welcome to our Contact Us page. Here, you can find all the ways to reach us. We help with customer support, sales, partnerships, media, and accessibility. We serve the whole United States. You can see our hours, how fast we&#8217;ll reply, and any special times in your area. We want to make it easy for [&hellip;]<\/p>","protected":false},"author":267,"featured_media":0,"parent":0,"menu_order":0,"comment_status":"closed","ping_status":"closed","template":"","meta":{"footnotes":""},"_links":{"self":[{"href":"https:\/\/salgod.com\/pt\/wp-json\/wp\/v2\/pages\/23"}],"collection":[{"href":"https:\/\/salgod.com\/pt\/wp-json\/wp\/v2\/pages"}],"about":[{"href":"https:\/\/salgod.com\/pt\/wp-json\/wp\/v2\/types\/page"}],"author":[{"embeddable":true,"href":"https:\/\/salgod.com\/pt\/wp-json\/wp\/v2\/users\/267"}],"replies":[{"embeddable":true,"href":"https:\/\/salgod.com\/pt\/wp-json\/wp\/v2\/comments?post=23"}],"version-history":[{"count":1,"href":"https:\/\/salgod.com\/pt\/wp-json\/wp\/v2\/pages\/23\/revisions"}],"predecessor-version":[{"id":32,"href":"https:\/\/salgod.com\/pt\/wp-json\/wp\/v2\/pages\/23\/revisions\/32"}],"wp:attachment":[{"href":"https:\/\/salgod.com\/pt\/wp-json\/wp\/v2\/media?parent=23"}],"curies":[{"name":"wp","href":"https:\/\/api.w.org\/{rel}","templated":true}]}}