    {"id":23,"date":"2026-02-05T18:48:26","date_gmt":"2026-02-05T18:48:26","guid":{"rendered":"https:\/\/salgod.com\/?page_id=23"},"modified":"2026-02-05T18:48:27","modified_gmt":"2026-02-05T18:48:27","slug":"contact-us","status":"publish","type":"page","link":"https:\/\/salgod.com\/it\/contact-us\/","title":{"rendered":"Contattaci"},"content":{"rendered":"<p>Benvenuti alla nostra pagina Contatti. Qui potete trovare tutti i modi per contattarci. Ci occupiamo di assistenza clienti, vendite, partnership, media e accessibilit\u00e0.<\/p>\n\n\n\n<p>Serviamo tutti gli Stati Uniti. Puoi vedere i nostri orari, la rapidit\u00e0 con cui rispondiamo e gli orari speciali nella tua zona. Vogliamo aiutarti a ottenere facilmente l&#039;aiuto di cui hai bisogno.<\/p>\n\n\n\n<p>In questa pagina scoprirai come contattarci. Saprai quando e cosa dire per ricevere assistenza rapidamente. Offriamo diversi modi per contattarci, come e-mail, telefono e social media.<\/p>\n\n\n\n<p>Per iniziare, scegli il modo migliore per contattarci. Utilizza i recapiti qui sotto per parlare con il nostro team. Non vediamo l&#039;ora di aiutarti.<\/p>\n\n\n\n<h2 class=\"wp-block-heading\">Contattaci<\/h2>\n\n\n\n<p>Vogliamo comunicare con te in modo chiaro e rapido. Il nostro modo di contattarti \u00e8 improntato alla rapidit\u00e0, alla trasparenza e alla disponibilit\u00e0. Ti informiamo sui tempi di risposta e ti teniamo aggiornato.<\/p>\n\n\n\n<p>Ci assicuriamo che il tuo messaggio arrivi alla persona giusta. Che si tratti di assistenza clienti, assistenza tecnica, vendite o ufficio legale. Rispettiamo le regole e collaboriamo con Google per garantire la nostra affidabilit\u00e0.<\/p>\n\n\n\n<h3 class=\"wp-block-heading\"><\/h3>","protected":false},"excerpt":{"rendered":"<p>Welcome to our Contact Us page. Here, you can find all the ways to reach us. We help with customer support, sales, partnerships, media, and accessibility. We serve the whole United States. You can see our hours, how fast we&#8217;ll reply, and any special times in your area. We want to make it easy for [&hellip;]<\/p>","protected":false},"author":267,"featured_media":0,"parent":0,"menu_order":0,"comment_status":"closed","ping_status":"closed","template":"","meta":{"footnotes":""},"_links":{"self":[{"href":"https:\/\/salgod.com\/it\/wp-json\/wp\/v2\/pages\/23"}],"collection":[{"href":"https:\/\/salgod.com\/it\/wp-json\/wp\/v2\/pages"}],"about":[{"href":"https:\/\/salgod.com\/it\/wp-json\/wp\/v2\/types\/page"}],"author":[{"embeddable":true,"href":"https:\/\/salgod.com\/it\/wp-json\/wp\/v2\/users\/267"}],"replies":[{"embeddable":true,"href":"https:\/\/salgod.com\/it\/wp-json\/wp\/v2\/comments?post=23"}],"version-history":[{"count":1,"href":"https:\/\/salgod.com\/it\/wp-json\/wp\/v2\/pages\/23\/revisions"}],"predecessor-version":[{"id":32,"href":"https:\/\/salgod.com\/it\/wp-json\/wp\/v2\/pages\/23\/revisions\/32"}],"wp:attachment":[{"href":"https:\/\/salgod.com\/it\/wp-json\/wp\/v2\/media?parent=23"}],"curies":[{"name":"wp","href":"https:\/\/api.w.org\/{rel}","templated":true}]}}