    {"id":23,"date":"2026-02-05T18:48:26","date_gmt":"2026-02-05T18:48:26","guid":{"rendered":"https:\/\/salgod.com\/?page_id=23"},"modified":"2026-02-05T18:48:27","modified_gmt":"2026-02-05T18:48:27","slug":"contact-us","status":"publish","type":"page","link":"https:\/\/salgod.com\/fr\/contact-us\/","title":{"rendered":"Contactez-nous"},"content":{"rendered":"<p>Bienvenue sur notre page \u00ab\u00a0Nous contacter\u00a0\u00bb. Vous y trouverez tous les moyens de nous joindre. Nous proposons une assistance client\u00e8le, des services commerciaux, des partenariats, des relations m\u00e9dias et des solutions d\u2019accessibilit\u00e9.<\/p>\n\n\n\n<p>Nous intervenons partout aux \u00c9tats-Unis. Consultez nos horaires, nos d\u00e9lais de r\u00e9ponse et les horaires sp\u00e9cifiques \u00e0 votre r\u00e9gion. Nous voulons vous faciliter l&#039;acc\u00e8s \u00e0 l&#039;aide dont vous avez besoin.<\/p>\n\n\n\n<p>Sur cette page, vous d\u00e9couvrirez comment nous contacter. Vous saurez quand nous solliciter et comment nous contacter pour obtenir de l&#039;aide rapidement. Nous proposons plusieurs moyens de nous joindre\u00a0: courriel, t\u00e9l\u00e9phone et r\u00e9seaux sociaux.<\/p>\n\n\n\n<p>Pour commencer, choisissez le moyen de contact qui vous convient le mieux. Utilisez les coordonn\u00e9es ci-dessous pour parler \u00e0 notre \u00e9quipe. Nous sommes impatients de vous aider.<\/p>\n\n\n\n<h2 class=\"wp-block-heading\">Contactez-nous<\/h2>\n\n\n\n<p>Nous souhaitons communiquer avec vous clairement et rapidement. Notre mode de communication est ax\u00e9 sur la rapidit\u00e9, la transparence et l&#039;efficacit\u00e9. Nous vous indiquons le d\u00e9lai de r\u00e9ponse et vous tenons inform\u00e9(e).<\/p>\n\n\n\n<p>Nous veillons \u00e0 ce que votre message parvienne \u00e0 la personne comp\u00e9tente. Il peut s&#039;agir du service client, de l&#039;assistance technique, du service commercial ou du service juridique. Nous respectons les r\u00e8gles et collaborons avec Google pour garantir notre fiabilit\u00e9.<\/p>\n\n\n\n<h3 class=\"wp-block-heading\"><\/h3>","protected":false},"excerpt":{"rendered":"<p>Welcome to our Contact Us page. Here, you can find all the ways to reach us. We help with customer support, sales, partnerships, media, and accessibility. We serve the whole United States. You can see our hours, how fast we&#8217;ll reply, and any special times in your area. We want to make it easy for [&hellip;]<\/p>","protected":false},"author":267,"featured_media":0,"parent":0,"menu_order":0,"comment_status":"closed","ping_status":"closed","template":"","meta":{"footnotes":""},"_links":{"self":[{"href":"https:\/\/salgod.com\/fr\/wp-json\/wp\/v2\/pages\/23"}],"collection":[{"href":"https:\/\/salgod.com\/fr\/wp-json\/wp\/v2\/pages"}],"about":[{"href":"https:\/\/salgod.com\/fr\/wp-json\/wp\/v2\/types\/page"}],"author":[{"embeddable":true,"href":"https:\/\/salgod.com\/fr\/wp-json\/wp\/v2\/users\/267"}],"replies":[{"embeddable":true,"href":"https:\/\/salgod.com\/fr\/wp-json\/wp\/v2\/comments?post=23"}],"version-history":[{"count":1,"href":"https:\/\/salgod.com\/fr\/wp-json\/wp\/v2\/pages\/23\/revisions"}],"predecessor-version":[{"id":32,"href":"https:\/\/salgod.com\/fr\/wp-json\/wp\/v2\/pages\/23\/revisions\/32"}],"wp:attachment":[{"href":"https:\/\/salgod.com\/fr\/wp-json\/wp\/v2\/media?parent=23"}],"curies":[{"name":"wp","href":"https:\/\/api.w.org\/{rel}","templated":true}]}}