    {"id":19,"date":"2026-02-05T18:48:48","date_gmt":"2026-02-05T18:48:48","guid":{"rendered":"https:\/\/salgod.com\/?page_id=19"},"modified":"2026-02-05T18:48:48","modified_gmt":"2026-02-05T18:48:48","slug":"about-us","status":"publish","type":"page","link":"https:\/\/salgod.com\/fr\/about-us\/","title":{"rendered":"\u00c0 propos de nous"},"content":{"rendered":"<p>Bienvenue dans l&#039;histoire de notre entreprise. Nous y partageons notre parcours et nos valeurs fondamentales, qui d\u00e9finissent notre identit\u00e9.<\/p>\n\n\n\n<p>Nos valeurs de marque sont au c\u0153ur de notre organisation. Elles guident nos op\u00e9rations et nos interactions dans le secteur. Nous sommes convaincus que la transparence est essentielle.<\/p>\n\n\n\n<p>Sur cette page \u00ab\u00a0\u00c0 propos\u00a0\u00bb, nous vous invitons \u00e0 d\u00e9couvrir qui nous sommes. Nous d\u00e9fendons certaines valeurs. Malgr\u00e9 notre croissance et notre \u00e9volution, nous restons fid\u00e8les \u00e0 nos principes.<\/p>\n\n\n\n<h2 class=\"wp-block-heading\">Notre mission et notre vision<\/h2>\n\n\n\n<p>Notre ambition est d&#039;am\u00e9liorer la vie gr\u00e2ce \u00e0 nos id\u00e9es novatrices. Notre mission est d&#039;aider les gens par l&#039;innovation. Nous r\u00eavons d&#039;\u00eatre des leaders, d&#039;avoir un impact significatif et de d\u00e9finir des normes d&#039;excellence.<\/p>\n\n\n\n<h3 class=\"wp-block-heading\">Ce qui nous motive<\/h3>\n\n\n\n<p>Notre vision nous guide \u00e0 chaque \u00e9tape. Elle nous pousse \u00e0 trouver de nouvelles solutions aux probl\u00e8mes. Nous voulons am\u00e9liorer le quotidien de tous et pr\u00e9server la plan\u00e8te.<\/p>\n\n\n\n<h3 class=\"wp-block-heading\">Objectifs que nous poursuivons<\/h3>\n\n\n\n<p>Nous avons de grands objectifs \u00e0 atteindre. Nous voulons aider davantage de personnes en \u00e9tendant notre pr\u00e9sence. La satisfaction de nos clients est primordiale pour nous.<\/p>\n\n\n\n<p>Nous avons aussi \u00e0 c\u0153ur la protection de la plan\u00e8te. Nous nous effor\u00e7ons d&#039;\u00eatre respectueux de l&#039;environnement dans tout ce que nous faisons.<\/p>\n\n\n\n<h2 class=\"wp-block-heading\">Nos valeurs fondamentales<\/h2>\n\n\n\n<p>Nous respectons certaines valeurs dans tout ce que nous faisons. L&#039;int\u00e9grit\u00e9 est au c\u0153ur de nos convictions. Cela signifie que nous sommes honn\u00eates et agissons de mani\u00e8re \u00e9thique. Nous visons la transparence et la confiance avec tous nos partenaires.<\/p>\n\n\n\n<h3 class=\"wp-block-heading\">Int\u00e9grit\u00e9<\/h3>\n\n\n\n<p>L&#039;int\u00e9grit\u00e9 est essentielle \u00e0 nos relations. Nous respectons des r\u00e8gles \u00e9thiques pour \u00eatre justes et responsables. Cela nous permet de tisser des liens solides et durables.<\/p>\n\n\n\n<h3 class=\"wp-block-heading\">Innovation<\/h3>\n\n\n\n<p>Nous aimons innover. C&#039;est ce qui nous permet de garder une longueur d&#039;avance dans un monde en constante \u00e9volution. Nous croyons en l&#039;exp\u00e9rimentation de nouvelles id\u00e9es et technologies pour mieux servir nos clients.<\/p>\n\n\n\n<h3 class=\"wp-block-heading\">Engagement envers l&#039;excellence<\/h3>\n\n\n\n<p>Nous nous effor\u00e7ons toujours de donner le meilleur de nous-m\u00eames. Nous nous fixons des objectifs ambitieux et mettons tout en \u0153uvre pour les atteindre. Ainsi, nous offrons \u00e0 nos clients les meilleurs r\u00e9sultats et t\u00e9moignons de notre engagement envers l&#039;excellence.<\/p>\n\n\n\n<h2 class=\"wp-block-heading\">Notre \u00e9quipe<\/h2>\n\n\n\n<p>Nous sommes fiers de notre \u00e9quipe. Ils sont talentueux et comp\u00e9tents. Ils viennent de secteurs d&#039;activit\u00e9 tr\u00e8s vari\u00e9s.<\/p>\n\n\n\n<p>Chacun apporte quelque chose d&#039;unique. C&#039;est ce qui fait notre force dans notre domaine.<\/p>\n\n\n\n<h3 class=\"wp-block-heading\">Rencontrez nos experts<\/h3>\n\n\n\n<p>Notre \u00e9quipe compte des experts dans de nombreux domaines. Ils poss\u00e8dent de solides connaissances en technologie, finance, marketing et design. Ils ont acquis une vaste exp\u00e9rience et de solides comp\u00e9tences.<\/p>\n\n\n\n<p>Ils nous aident \u00e0 r\u00e9soudre les grands probl\u00e8mes. Ils veillent \u00e0 ce que nous soyons toujours les meilleurs.<\/p>\n\n\n\n<h3 class=\"wp-block-heading\">Nos origines diverses<\/h3>\n\n\n\n<p>Nous valorisons la diversit\u00e9. Elle nous aide \u00e0 trouver de nouvelles solutions aux probl\u00e8mes. Les membres de notre \u00e9quipe viennent d&#039;horizons divers et poss\u00e8dent des comp\u00e9tences vari\u00e9es.<\/p>\n\n\n\n<p>Cela nous permet de mieux travailler ensemble. Cela nous aide \u00e0 atteindre nos objectifs.<\/p>\n\n\n\n<h2 class=\"wp-block-heading\">\u00c0 propos de nous : Qui sommes-nous ?<\/h2>\n\n\n\n<p>Notre entreprise poss\u00e8de une riche histoire, forg\u00e9e par l&#039;engagement et des valeurs partag\u00e9es. Nous sommes fiers de notre culture d&#039;entreprise qui valorise le travail d&#039;\u00e9quipe, les id\u00e9es novatrices et le respect.<\/p>\n\n\n\n<p>\u00catre un partenaire de confiance, voil\u00e0 notre objectif. C&#039;est plus qu&#039;un simple m\u00e9tier, c&#039;est notre identit\u00e9.<\/p>\n\n\n\n<p>Nous privil\u00e9gions l&#039;\u00e9tablissement de relations solides avec nos clients. Nous sommes \u00e0 l&#039;\u00e9coute de leurs besoins et de leurs difficult\u00e9s. C&#039;est ce qui nous distingue.<\/p>\n\n\n\n<p>Le bonheur de nos clients nous tient \u00e0 c\u0153ur. Cela se refl\u00e8te dans notre fa\u00e7on de travailler. C&#039;est ce qui fait de nous une entreprise v\u00e9ritablement soucieuse du bien-\u00eatre de ses clients.<\/p>\n\n\n\n<p>Nous croyons en l&#039;inclusion. Nous souhaitons cr\u00e9er des espaces o\u00f9 la voix de chacun est entendue. Cela renforce notre \u00e9quipe et profite \u00e9galement \u00e0 nos clients.<\/p>\n\n\n\n<p>Nous avons aussi \u00e0 c\u0153ur de contribuer \u00e0 la soci\u00e9t\u00e9. Notre travail est utile \u00e0 nos communaut\u00e9s. Nous sommes fiers de cet aspect de notre identit\u00e9.<\/p>\n\n\n\n<h2 class=\"wp-block-heading\">Notre voyage<\/h2>\n\n\n\n<p>L&#039;histoire de notre entreprise est jalonn\u00e9e de vision, de travail acharn\u00e9 et d&#039;une qu\u00eate constante d&#039;excellence. En repensant \u00e0 notre parcours, nous c\u00e9l\u00e9brons les moments qui ont fa\u00e7onn\u00e9 notre identit\u00e9. Ces \u00e9v\u00e9nements ont contribu\u00e9 \u00e0 notre croissance et \u00e0 notre r\u00e9ussite.<\/p>\n\n\n\n<h3 class=\"wp-block-heading\">L&#039;histoire de notre cr\u00e9ation<\/h3>\n\n\n\n<p>Chaque grande aventure commence par une \u00e9tincelle. La n\u00f4tre a d\u00e9but\u00e9 avec un groupe de personnes qui ont per\u00e7u un besoin. Elles souhaitaient changer les choses gr\u00e2ce \u00e0 des id\u00e9es novatrices et \u00e0 un grand c\u0153ur.<\/p>\n\n\n\n<p>Les d\u00e9buts ont \u00e9t\u00e9 difficiles, mais nous n&#039;avons pas abandonn\u00e9. Notre passion nous a permis de pers\u00e9v\u00e9rer. Elle nous guide encore aujourd&#039;hui.<\/p>\n\n\n\n<p>En repensant \u00e0 nos moments cl\u00e9s, chacun t\u00e9moigne de notre \u00e9volution. Nous avons commenc\u00e9 par des produits qui ont su capter l&#039;attention. Puis, nous avons remport\u00e9 des prix qui nous ont combl\u00e9s de fiert\u00e9.<\/p>\n\n\n\n<p>D\u00e9couvrir de nouveaux horizons \u00e9tait \u00e0 la fois exaltant et difficile. Mais cela nous a rendus plus forts. Ces moments nous donnent envie de voir ce que l&#039;avenir nous r\u00e9serve.<\/p>\n\n\n\n<h2 class=\"wp-block-heading\">Pourquoi nous choisir ?<\/h2>\n\n\n\n<p>Ce qui nous distingue, c&#039;est notre souci du client. Nous sommes \u00e0 l&#039;\u00e9coute de ses besoins et veillons \u00e0 y r\u00e9pondre parfaitement. Ainsi, nous pouvons lui offrir exactement ce qu&#039;il d\u00e9sire.<\/p>\n\n\n\n<h3 class=\"wp-block-heading\">Approche centr\u00e9e sur le client<\/h3>\n\n\n\n<p>Notre priorit\u00e9 est la satisfaction de nos clients. Des clients satisfaits restent fid\u00e8les et nous font confiance. Nous prenons en compte leurs remarques afin d&#039;am\u00e9liorer nos services.<\/p>\n\n\n\n<h3 class=\"wp-block-heading\">Assurance qualit\u00e9<\/h3>\n\n\n\n<p>La qualit\u00e9 est primordiale pour nous. Nous cherchons constamment \u00e0 nous am\u00e9liorer. Nos contr\u00f4les qualit\u00e9 garantissent le respect des normes les plus exigeantes.<\/p>\n\n\n\n<h2 class=\"wp-block-heading\">Notre engagement communautaire<\/h2>\n\n\n\n<p>Nous sommes profond\u00e9ment engag\u00e9s aupr\u00e8s de notre communaut\u00e9. Cet objectif guide nos actions et nos valeurs. Nous \u0153uvrons sans rel\u00e2che pour avoir un impact positif gr\u00e2ce \u00e0 nos programmes d&#039;aide.<\/p>\n\n\n\n<p>Nos partenariats avec les groupes locaux t\u00e9moignent de notre engagement. Nous mettons nos ressources au service des autres. Ainsi, nous soutenons l&#039;\u00e9ducation et favorisons l&#039;\u00e9panouissement professionnel.<\/p>\n\n\n\n<p>Nous croyons en l&#039;importance de tisser des liens solides avec nos voisins. Notre objectif est d&#039;inciter d&#039;autres personnes \u00e0 s&#039;impliquer \u00e9galement. Ensemble, nous pouvons am\u00e9liorer et embellir nos communaut\u00e9s.<\/p>\n\n\n\n<h2 class=\"wp-block-heading\">Aspirations futures<\/h2>\n\n\n\n<p>Nous avons de grandes ambitions pour l&#039;avenir. Nous souhaitons nous d\u00e9velopper et innover davantage. Nous utiliserons les nouvelles technologies pour am\u00e9liorer nos services et toucher un public plus large.<\/p>\n\n\n\n<p>Nous avons aussi \u00e0 c\u0153ur la protection de la plan\u00e8te. Nous nous efforcerons d&#039;\u00eatre plus \u00e9cologiques tout en continuant \u00e0 accompagner nos clients.<\/p>\n\n\n\n<h3 class=\"wp-block-heading\">Nos objectifs pour les cinq prochaines ann\u00e9es<\/h3>\n\n\n\n<p>Nous souhaitons conna\u00eetre une forte croissance au cours des cinq prochaines ann\u00e9es. Nous investirons dans de nouvelles id\u00e9es et solutions afin de r\u00e9pondre aux nouveaux besoins du march\u00e9.<\/p>\n\n\n\n<p>Nous pr\u00e9voyons \u00e9galement de nous implanter dans de nouveaux march\u00e9s. Cela nous permettra de conserver notre position de leader. Nous serons \u00e0 l&#039;\u00e9coute de nos clients et nous adapterons aux \u00e9volutions du march\u00e9.<\/p>\n\n\n\n<h3 class=\"wp-block-heading\">Vision pour l&#039;industrie<\/h3>\n\n\n\n<p>Nous aspirons \u00e0 \u00eatre des chefs de file dans notre domaine. Nous visons l&#039;excellence et souhaitons avoir un impact positif. Nous collaborerons avec d&#039;autres acteurs pour faire progresser notre secteur.<\/p>\n\n\n\n<p>Ce faisant, nous ne nous contenterons pas de d\u00e9velopper notre entreprise. Nous rendrons \u00e9galement notre secteur plus fort et plus durable.<\/p>\n\n\n\n<p>Nous souhaitons r\u00e9sumer l&#039;essence m\u00eame de notre entreprise. Notre mission t\u00e9moigne de notre attachement \u00e0 l&#039;honn\u00eatet\u00e9, \u00e0 l&#039;innovation et \u00e0 l&#039;excellence. Ce sont nos valeurs fondamentales.<\/p>\n\n\n\n<p>Notre objectif est de cr\u00e9er un environnement o\u00f9 chacun peut collaborer efficacement. Cela nous permet d&#039;\u00eatre plus productifs et de renforcer la confiance mutuelle.<\/p>\n\n\n\n<p>Notre \u00e9quipe est forte et diversifi\u00e9e, ce qui nous permet d&#039;aborder les probl\u00e8mes sous un angle nouveau. Nous avons atteint de nombreux objectifs importants et apport\u00e9 une contribution significative \u00e0 notre communaut\u00e9.<\/p>\n\n\n\n<p>Pour l&#039;avenir, nous sommes enthousiastes \u00e0 l&#039;id\u00e9e de poursuivre nos efforts pour r\u00e9aliser nos ambitions. Nous vous invitons \u00e0 nous rejoindre. Ensemble, nous pouvons tisser des liens solides, fond\u00e9s sur le respect et des valeurs partag\u00e9es.<\/p>","protected":false},"excerpt":{"rendered":"<p>Welcome to our company history. Here, we share our journey and core values. These values define our corporate identity. At the heart of our organization are our brand values. They guide our operations and interactions in the industry. We believe transparency is key. Through this &#8220;About Us&#8221; page, we invite you to explore who we [&hellip;]<\/p>","protected":false},"author":267,"featured_media":0,"parent":0,"menu_order":0,"comment_status":"closed","ping_status":"closed","template":"","meta":{"footnotes":""},"_links":{"self":[{"href":"https:\/\/salgod.com\/fr\/wp-json\/wp\/v2\/pages\/19"}],"collection":[{"href":"https:\/\/salgod.com\/fr\/wp-json\/wp\/v2\/pages"}],"about":[{"href":"https:\/\/salgod.com\/fr\/wp-json\/wp\/v2\/types\/page"}],"author":[{"embeddable":true,"href":"https:\/\/salgod.com\/fr\/wp-json\/wp\/v2\/users\/267"}],"replies":[{"embeddable":true,"href":"https:\/\/salgod.com\/fr\/wp-json\/wp\/v2\/comments?post=19"}],"version-history":[{"count":1,"href":"https:\/\/salgod.com\/fr\/wp-json\/wp\/v2\/pages\/19\/revisions"}],"predecessor-version":[{"id":33,"href":"https:\/\/salgod.com\/fr\/wp-json\/wp\/v2\/pages\/19\/revisions\/33"}],"wp:attachment":[{"href":"https:\/\/salgod.com\/fr\/wp-json\/wp\/v2\/media?parent=19"}],"curies":[{"name":"wp","href":"https:\/\/api.w.org\/{rel}","templated":true}]}}