    {"id":23,"date":"2026-02-05T18:48:26","date_gmt":"2026-02-05T18:48:26","guid":{"rendered":"https:\/\/salgod.com\/?page_id=23"},"modified":"2026-02-05T18:48:27","modified_gmt":"2026-02-05T18:48:27","slug":"contact-us","status":"publish","type":"page","link":"https:\/\/salgod.com\/es\/contact-us\/","title":{"rendered":"Cont\u00e1ctenos"},"content":{"rendered":"<p>Bienvenido a nuestra p\u00e1gina de Contacto. Aqu\u00ed encontrar\u00e1 todas las formas de comunicarse con nosotros. Le ayudamos con atenci\u00f3n al cliente, ventas, colaboraciones, medios de comunicaci\u00f3n y accesibilidad.<\/p>\n\n\n\n<p>Atendemos a todo Estados Unidos. Puede consultar nuestro horario, la rapidez con la que respondemos y los horarios especiales en su zona. Queremos facilitarle la ayuda que necesita.<\/p>\n\n\n\n<p>En esta p\u00e1gina, aprender\u00e1 c\u00f3mo contactarnos. Sabr\u00e1 cu\u00e1ndo contactarnos y qu\u00e9 decir para obtener ayuda r\u00e1pidamente. Ofrecemos diversas maneras de contactarnos, como correo electr\u00f3nico, tel\u00e9fono y redes sociales.<\/p>\n\n\n\n<p>Para empezar, elige la mejor manera de contactarnos. Usa los datos a continuaci\u00f3n para hablar con nuestro equipo. Estamos encantados de ayudarte.<\/p>\n\n\n\n<h2 class=\"wp-block-heading\">Cont\u00e1ctenos<\/h2>\n\n\n\n<p>Queremos hablar contigo de forma clara y r\u00e1pida. Nos centramos en ser r\u00e1pidos, abiertos y serviciales. Te informamos cu\u00e1nto tardaremos en responderte y te mantenemos informado.<\/p>\n\n\n\n<p>Nos aseguramos de que su mensaje llegue a la persona correcta. Puede ser para atenci\u00f3n al cliente, asistencia t\u00e9cnica, ventas o departamento legal. Cumplimos las normas y colaboramos con Google para garantizar nuestra confianza.<\/p>\n\n\n\n<h3 class=\"wp-block-heading\"><\/h3>","protected":false},"excerpt":{"rendered":"<p>Welcome to our Contact Us page. Here, you can find all the ways to reach us. We help with customer support, sales, partnerships, media, and accessibility. We serve the whole United States. You can see our hours, how fast we&#8217;ll reply, and any special times in your area. We want to make it easy for [&hellip;]<\/p>","protected":false},"author":267,"featured_media":0,"parent":0,"menu_order":0,"comment_status":"closed","ping_status":"closed","template":"","meta":{"footnotes":""},"_links":{"self":[{"href":"https:\/\/salgod.com\/es\/wp-json\/wp\/v2\/pages\/23"}],"collection":[{"href":"https:\/\/salgod.com\/es\/wp-json\/wp\/v2\/pages"}],"about":[{"href":"https:\/\/salgod.com\/es\/wp-json\/wp\/v2\/types\/page"}],"author":[{"embeddable":true,"href":"https:\/\/salgod.com\/es\/wp-json\/wp\/v2\/users\/267"}],"replies":[{"embeddable":true,"href":"https:\/\/salgod.com\/es\/wp-json\/wp\/v2\/comments?post=23"}],"version-history":[{"count":1,"href":"https:\/\/salgod.com\/es\/wp-json\/wp\/v2\/pages\/23\/revisions"}],"predecessor-version":[{"id":32,"href":"https:\/\/salgod.com\/es\/wp-json\/wp\/v2\/pages\/23\/revisions\/32"}],"wp:attachment":[{"href":"https:\/\/salgod.com\/es\/wp-json\/wp\/v2\/media?parent=23"}],"curies":[{"name":"wp","href":"https:\/\/api.w.org\/{rel}","templated":true}]}}